{"id":6283,"date":"2026-04-23T13:55:00","date_gmt":"2026-04-23T13:55:00","guid":{"rendered":"https:\/\/cds22.com\/aviso-legal\/"},"modified":"2026-04-23T14:02:18","modified_gmt":"2026-04-23T14:02:18","slug":"aviso-legal","status":"publish","type":"page","link":"https:\/\/cds22.com\/es\/aviso-legal\/","title":{"rendered":"Aviso legal"},"content":{"rendered":"\t\t<div data-elementor-type=\"wp-page\" data-elementor-id=\"6283\" class=\"elementor elementor-6283 elementor-6263\" data-elementor-post-type=\"page\">\n\t\t\t\t<div class=\"elementor-element elementor-element-1e1b09f e-flex e-con-boxed e-con e-parent\" data-id=\"1e1b09f\" data-element_type=\"container\" data-e-type=\"container\">\n\t\t\t\t\t<div class=\"e-con-inner\">\n\t\t\t\t<div class=\"elementor-element elementor-element-d9d0c7a elementor-widget elementor-widget-heading\" data-id=\"d9d0c7a\" data-element_type=\"widget\" data-e-type=\"widget\" data-widget_type=\"heading.default\">\n\t\t\t\t<div class=\"elementor-widget-container\">\n\t\t\t\t\t<h2 class=\"elementor-heading-title elementor-size-default\"> Aviso legal<\/h2>\t\t\t\t<\/div>\n\t\t\t\t<\/div>\n\t\t\t\t<div class=\"elementor-element elementor-element-b1f3622 elementor-widget elementor-widget-text-editor\" data-id=\"b1f3622\" data-element_type=\"widget\" data-e-type=\"widget\" data-widget_type=\"text-editor.default\">\n\t\t\t\t<div class=\"elementor-widget-container\">\n\t\t\t\t\t\t\t\t\t<p class=\"p1\">Este sitio web es propiedad y est\u00e1 gestionado por<strong> EOS2021 S.r.l.<\/strong><\/p><p class=\"p1\"><strong>Domicilio social:<\/strong><br>Via Nuoro 16 &#8211; 00040 Ardea (RM) Italia<\/p><p class=\"p1\"><strong>Email:<\/strong><br>info@eos2021.it<\/p><p class=\"p1\"><strong>Datos de registro de la empresa:<\/strong><br>Inscrita en el Registro de Empresas italiano (Registro delle Imprese di Roma)<\/p><p class=\"p1\"><strong>N\u00famero de registro \/ C\u00f3digo fiscal:<\/strong><br>08619140588<\/p><p class=\"p1\"><strong>REA:<\/strong><br>RM-669190<\/p><p class=\"p1\"><strong>N\u00famero de IVA:<\/strong><br>IT02102651003<\/p><p class=\"p1\">Este sitio web se proporciona \u00fanicamente con fines informativos generales sobre la empresa, sus actividades y sus productos.<\/p><p class=\"p2\">Para m\u00e1s informaci\u00f3n sobre la protecci\u00f3n de datos y las cookies, consulte la<a href=\"https:\/\/cds22.com\/es\/privacy-policy\/\"> Pol\u00edtica de Privacidad<\/a> y la <a href=\"https:\/\/cds22.com\/es\/cookie-policy\/\">Pol\u00edtica de Cookies<\/a>.<\/p>\t\t\t\t\t\t\t\t<\/div>\n\t\t\t\t<\/div>\n\t\t\t\t\t<\/div>\n\t\t\t\t<\/div>\n\t\t\t\t<\/div>\n\t\t","protected":false},"excerpt":{"rendered":"<p>Aviso legal Este sitio web es propiedad y est\u00e1 gestionado por EOS2021 S.r.l. Domicilio social:Via Nuoro 16 &#8211; 00040 Ardea (RM) Italia Email:info@eos2021.it Datos de registro de la empresa:Inscrita en el Registro de Empresas italiano (Registro delle Imprese di Roma) N\u00famero de registro \/ C\u00f3digo fiscal:08619140588 REA:RM-669190 N\u00famero de IVA:IT02102651003 Este sitio web se proporciona [&hellip;]<\/p>\n","protected":false},"author":1,"featured_media":0,"parent":0,"menu_order":0,"comment_status":"closed","ping_status":"closed","template":"","meta":{"footnotes":""},"class_list":["post-6283","page","type-page","status-publish","hentry"],"_links":{"self":[{"href":"https:\/\/cds22.com\/es\/wp-json\/wp\/v2\/pages\/6283","targetHints":{"allow":["GET"]}}],"collection":[{"href":"https:\/\/cds22.com\/es\/wp-json\/wp\/v2\/pages"}],"about":[{"href":"https:\/\/cds22.com\/es\/wp-json\/wp\/v2\/types\/page"}],"author":[{"embeddable":true,"href":"https:\/\/cds22.com\/es\/wp-json\/wp\/v2\/users\/1"}],"replies":[{"embeddable":true,"href":"https:\/\/cds22.com\/es\/wp-json\/wp\/v2\/comments?post=6283"}],"version-history":[{"count":1,"href":"https:\/\/cds22.com\/es\/wp-json\/wp\/v2\/pages\/6283\/revisions"}],"predecessor-version":[{"id":6284,"href":"https:\/\/cds22.com\/es\/wp-json\/wp\/v2\/pages\/6283\/revisions\/6284"}],"wp:attachment":[{"href":"https:\/\/cds22.com\/es\/wp-json\/wp\/v2\/media?parent=6283"}],"curies":[{"name":"wp","href":"https:\/\/api.w.org\/{rel}","templated":true}]}}