{"id":6269,"date":"2026-04-23T13:55:00","date_gmt":"2026-04-23T13:55:00","guid":{"rendered":"https:\/\/cds22.com\/mentions-legales\/"},"modified":"2026-04-23T13:58:24","modified_gmt":"2026-04-23T13:58:24","slug":"mentions-legales","status":"publish","type":"page","link":"https:\/\/cds22.com\/be\/mentions-legales\/","title":{"rendered":"Mentions l\u00e9gales"},"content":{"rendered":"\t\t<div data-elementor-type=\"wp-page\" data-elementor-id=\"6269\" class=\"elementor elementor-6269 elementor-6263\" data-elementor-post-type=\"page\">\n\t\t\t\t<div class=\"elementor-element elementor-element-1e1b09f e-flex e-con-boxed e-con e-parent\" data-id=\"1e1b09f\" data-element_type=\"container\" data-e-type=\"container\">\n\t\t\t\t\t<div class=\"e-con-inner\">\n\t\t\t\t<div class=\"elementor-element elementor-element-d9d0c7a elementor-widget elementor-widget-heading\" data-id=\"d9d0c7a\" data-element_type=\"widget\" data-e-type=\"widget\" data-widget_type=\"heading.default\">\n\t\t\t\t<div class=\"elementor-widget-container\">\n\t\t\t\t\t<h2 class=\"elementor-heading-title elementor-size-default\"> Mentions l\u00e9gales<\/h2>\t\t\t\t<\/div>\n\t\t\t\t<\/div>\n\t\t\t\t<div class=\"elementor-element elementor-element-b1f3622 elementor-widget elementor-widget-text-editor\" data-id=\"b1f3622\" data-element_type=\"widget\" data-e-type=\"widget\" data-widget_type=\"text-editor.default\">\n\t\t\t\t<div class=\"elementor-widget-container\">\n\t\t\t\t\t\t\t\t\t<p class=\"p1\">Ce site web est d\u00e9tenu et exploit\u00e9 par <strong>EOS2021 S.r.l.<\/strong><\/p><p class=\"p1\"><strong>Si\u00e8ge social :<\/strong><br>Via Nuoro 16 &#8211; 00040 Ardea (RM) Italia<\/p><p class=\"p1\"><strong>Email:<\/strong><br>info@eos2021.it<\/p><p class=\"p1\"><strong>Informations d\u2019enregistrement de la soci\u00e9t\u00e9 :<\/strong><br>Inscrite au Registre des Entreprises italien (Registro delle Imprese di Roma)<\/p><p class=\"p1\"><strong>Num\u00e9ro d\u2019enregistrement \/ Code fiscal :<\/strong><br>08619140588<\/p><p class=\"p1\"><strong>REA:<\/strong><br>RM-669190<\/p><p class=\"p1\"><strong>Num\u00e9ro de TVA:<\/strong><br>IT02102651003<\/p><p class=\"p1\">Ce site web est fourni \u00e0 des fins d\u2019information g\u00e9n\u00e9rale concernant la soci\u00e9t\u00e9, ses activit\u00e9s et ses produits.<\/p><p class=\"p2\">Veuillez consulter la Politique de confidentialit\u00e9 et la Politique relative aux cookies pour plus d\u2019informations sur la <a href=\"https:\/\/cds22.com\/privacy-policy\/\">protection des donn\u00e9es<\/a> et les <a href=\"https:\/\/cds22.com\/be\/cookie-policy\/\">cookies<\/a>.<\/p>\t\t\t\t\t\t\t\t<\/div>\n\t\t\t\t<\/div>\n\t\t\t\t\t<\/div>\n\t\t\t\t<\/div>\n\t\t\t\t<\/div>\n\t\t","protected":false},"excerpt":{"rendered":"<p>Mentions l\u00e9gales Ce site web est d\u00e9tenu et exploit\u00e9 par EOS2021 S.r.l. Si\u00e8ge social :Via Nuoro 16 &#8211; 00040 Ardea (RM) Italia Email:info@eos2021.it Informations d\u2019enregistrement de la soci\u00e9t\u00e9 :Inscrite au Registre des Entreprises italien (Registro delle Imprese di Roma) Num\u00e9ro d\u2019enregistrement \/ Code fiscal :08619140588 REA:RM-669190 Num\u00e9ro de TVA:IT02102651003 Ce site web est fourni \u00e0 [&hellip;]<\/p>\n","protected":false},"author":1,"featured_media":0,"parent":0,"menu_order":0,"comment_status":"closed","ping_status":"closed","template":"","meta":{"footnotes":""},"class_list":["post-6269","page","type-page","status-publish","hentry"],"_links":{"self":[{"href":"https:\/\/cds22.com\/be\/wp-json\/wp\/v2\/pages\/6269","targetHints":{"allow":["GET"]}}],"collection":[{"href":"https:\/\/cds22.com\/be\/wp-json\/wp\/v2\/pages"}],"about":[{"href":"https:\/\/cds22.com\/be\/wp-json\/wp\/v2\/types\/page"}],"author":[{"embeddable":true,"href":"https:\/\/cds22.com\/be\/wp-json\/wp\/v2\/users\/1"}],"replies":[{"embeddable":true,"href":"https:\/\/cds22.com\/be\/wp-json\/wp\/v2\/comments?post=6269"}],"version-history":[{"count":1,"href":"https:\/\/cds22.com\/be\/wp-json\/wp\/v2\/pages\/6269\/revisions"}],"predecessor-version":[{"id":6270,"href":"https:\/\/cds22.com\/be\/wp-json\/wp\/v2\/pages\/6269\/revisions\/6270"}],"wp:attachment":[{"href":"https:\/\/cds22.com\/be\/wp-json\/wp\/v2\/media?parent=6269"}],"curies":[{"name":"wp","href":"https:\/\/api.w.org\/{rel}","templated":true}]}}